{"id":2,"date":"2024-07-30T10:34:34","date_gmt":"2024-07-30T10:34:34","guid":{"rendered":"https:\/\/estrade-abogados.rkinformatika.online\/?page_id=2"},"modified":"2025-04-04T16:02:57","modified_gmt":"2025-04-04T16:02:57","slug":"inicio","status":"publish","type":"page","link":"https:\/\/garridoasesoria.com\/eus\/","title":{"rendered":"HASIERA"},"content":{"rendered":"<div data-elementor-type=\"wp-page\" data-elementor-id=\"2\" class=\"elementor elementor-2\" data-elementor-post-type=\"page\">\n\t\t\t\t<div class=\"elementor-element elementor-element-d615182 e-con-full e-flex e-con e-parent\" data-id=\"d615182\" data-element_type=\"container\" data-e-type=\"container\" data-settings=\"{&quot;background_background&quot;:&quot;classic&quot;}\">\n\t\t\t\t<div class=\"elementor-element elementor-element-4bd3aa8 elementor-widget elementor-widget-heading\" data-id=\"4bd3aa8\" data-element_type=\"widget\" data-e-type=\"widget\" data-widget_type=\"heading.default\">\n\t\t\t\t<div class=\"elementor-widget-container\">\n\t\t\t\t\t<h2 class=\"elementor-heading-title elementor-size-default\">Garrido aholkularia<\/h2>\t\t\t\t<\/div>\n\t\t\t\t<\/div>\n\t\t\t\t<div class=\"elementor-element elementor-element-869e13a elementor-widget elementor-widget-heading\" data-id=\"869e13a\" data-element_type=\"widget\" data-e-type=\"widget\" data-widget_type=\"heading.default\">\n\t\t\t\t<div class=\"elementor-widget-container\">\n\t\t\t\t\t<h2 class=\"elementor-heading-title elementor-size-default\">Enpresen edo autonomoen behar guztiak asetzeko irizpide anitzeko lantaldea dugu. <\/h2>\t\t\t\t<\/div>\n\t\t\t\t<\/div>\n\t\t\t\t<div class=\"elementor-element elementor-element-d03deaa elementor-widget__width-initial elementor-widget elementor-widget-spacer\" data-id=\"d03deaa\" data-element_type=\"widget\" data-e-type=\"widget\" data-widget_type=\"spacer.default\">\n\t\t\t\t<div class=\"elementor-widget-container\">\n\t\t\t\t\t\t\t<div class=\"elementor-spacer\">\n\t\t\t<div class=\"elementor-spacer-inner\"><\/div>\n\t\t<\/div>\n\t\t\t\t\t\t<\/div>\n\t\t\t\t<\/div>\n\t\t\t\t<\/div>\n\t\t<div class=\"elementor-element elementor-element-646c5e5 e-flex e-con-boxed e-con e-parent\" data-id=\"646c5e5\" data-element_type=\"container\" data-e-type=\"container\" data-settings=\"{&quot;background_background&quot;:&quot;classic&quot;}\">\n\t\t\t\t\t<div class=\"e-con-inner\">\n\t\t<div class=\"elementor-element elementor-element-4d7b01c e-con-full e-flex elementor-invisible e-con e-child\" data-id=\"4d7b01c\" data-element_type=\"container\" data-e-type=\"container\" data-settings=\"{&quot;background_background&quot;:&quot;classic&quot;,&quot;animation&quot;:&quot;fadeInRight&quot;}\">\n\t\t\t\t<div class=\"elementor-element elementor-element-fd76b5a elementor-widget elementor-widget-heading\" data-id=\"fd76b5a\" data-element_type=\"widget\" data-e-type=\"widget\" data-widget_type=\"heading.default\">\n\t\t\t\t<div class=\"elementor-widget-container\">\n\t\t\t\t\t<h2 class=\"elementor-heading-title elementor-size-default\">NOR GAREN<\/h2>\t\t\t\t<\/div>\n\t\t\t\t<\/div>\n\t\t\t\t<div class=\"elementor-element elementor-element-77226f8 elementor-widget__width-initial elementor-widget elementor-widget-text-editor\" data-id=\"77226f8\" data-element_type=\"widget\" data-e-type=\"widget\" data-widget_type=\"text-editor.default\">\n\t\t\t\t<div class=\"elementor-widget-container\">\n\t\t\t\t\t\t\t\t\t<p class=\"\" data-start=\"78\" data-end=\"358\">Aholkularitza eta aseguru-artekaritza 1988tik.<\/p><p class=\"\" data-start=\"78\" data-end=\"358\">La corredur\u00eda de Seguros y Asesor\u00eda Garrido FELIX GARRIDO VALLEJO jaunak 1988an Bilboko Pe\u00f1a auzoan sortutako familia-enpresa da.\u00a0<\/p><p class=\"\" data-start=\"78\" data-end=\"358\">Fundatzaileak lotura estua zuen auzo horrekin, eta hasiera-hasieratik enpresa hurbila eta eskuragarria izatea lortu zuen.\u00a0<\/p><p class=\"\" data-start=\"78\" data-end=\"358\">Gaur egun, bere seme-alabek, autonomoentzako, ETEentzako eta partikularrentzako aseguruekin eta aholkularitzarekin lotutako arlo guztietan esperientzia handiko plantillarekin batera, lehen eguneko ilusio eta entrega berarekin garatzen dute beren lana.\u00a0<\/p><p class=\"\" data-start=\"78\" data-end=\"358\">Horrela, funtsean enpresa familiarra izaten jarraitu arren, hurbila eta auzoan erabat integratua, zerbitzu espezializatua eskaintzen du, betiere azken teknologien abangoardian. ...<\/p>\t\t\t\t\t\t\t\t<\/div>\n\t\t\t\t<\/div>\n\t\t\t\t<\/div>\n\t\t<div class=\"elementor-element elementor-element-f6b4527 e-con-full e-flex elementor-invisible e-con e-child\" data-id=\"f6b4527\" data-element_type=\"container\" data-e-type=\"container\" data-settings=\"{&quot;background_background&quot;:&quot;classic&quot;,&quot;animation&quot;:&quot;fadeInLeft&quot;}\">\n\t\t\t\t<div class=\"elementor-element elementor-element-f5b9c30 elementor-widget elementor-widget-image\" data-id=\"f5b9c30\" data-element_type=\"widget\" data-e-type=\"widget\" data-widget_type=\"image.default\">\n\t\t\t\t<div class=\"elementor-widget-container\">\n\t\t\t\t\t\t\t\t\t\t\t\t\t\t\t<img fetchpriority=\"high\" decoding=\"async\" width=\"737\" height=\"1024\" src=\"https:\/\/garridoasesoria.com\/wp-content\/uploads\/2025\/04\/oficina-garrido-737x1024.png\" class=\"attachment-large size-large wp-image-757\" alt=\"\" srcset=\"https:\/\/garridoasesoria.com\/wp-content\/uploads\/2025\/04\/oficina-garrido-737x1024.png 737w, https:\/\/garridoasesoria.com\/wp-content\/uploads\/2025\/04\/oficina-garrido-216x300.png 216w, https:\/\/garridoasesoria.com\/wp-content\/uploads\/2025\/04\/oficina-garrido-768x1067.png 768w, https:\/\/garridoasesoria.com\/wp-content\/uploads\/2025\/04\/oficina-garrido-9x12.png 9w, https:\/\/garridoasesoria.com\/wp-content\/uploads\/2025\/04\/oficina-garrido.png 800w\" sizes=\"(max-width: 737px) 100vw, 737px\" \/>\t\t\t\t\t\t\t\t\t\t\t\t\t\t\t<\/div>\n\t\t\t\t<\/div>\n\t\t\t\t<\/div>\n\t\t\t\t\t<\/div>\n\t\t\t\t<\/div>\n\t\t\t\t<section class=\"elementor-section elementor-top-section elementor-element elementor-element-b235151 elementor-section-boxed elementor-section-height-default elementor-section-height-default\" data-id=\"b235151\" data-element_type=\"section\" data-e-type=\"section\" data-settings=\"{&quot;background_background&quot;:&quot;classic&quot;}\">\n\t\t\t\t\t\t\t<div class=\"elementor-background-overlay\"><\/div>\n\t\t\t\t\t\t\t<div class=\"elementor-container elementor-column-gap-no\">\n\t\t\t\t\t<div class=\"elementor-column elementor-col-100 elementor-top-column elementor-element elementor-element-90276bf\" data-id=\"90276bf\" data-element_type=\"column\" data-e-type=\"column\" data-settings=\"{&quot;background_background&quot;:&quot;classic&quot;}\">\n\t\t\t<div class=\"elementor-widget-wrap elementor-element-populated\">\n\t\t\t\t\t\t<div class=\"elementor-element elementor-element-6d34729 elementor-invisible elementor-widget elementor-widget-heading\" data-id=\"6d34729\" data-element_type=\"widget\" data-e-type=\"widget\" data-settings=\"{&quot;_animation&quot;:&quot;zoomIn&quot;}\" data-widget_type=\"heading.default\">\n\t\t\t\t<div class=\"elementor-widget-container\">\n\t\t\t\t\t<h2 class=\"elementor-heading-title elementor-size-default\">Ezagutu zuretzat eta zure negozioarentzat pentsatutako aholkularitza zerbitzu integral bat.<\/h2>\t\t\t\t<\/div>\n\t\t\t\t<\/div>\n\t\t\t\t<div class=\"elementor-element elementor-element-6f933b2 elementor-align-center elementor-invisible elementor-widget elementor-widget-button\" data-id=\"6f933b2\" data-element_type=\"widget\" data-e-type=\"widget\" data-settings=\"{&quot;_animation&quot;:&quot;zoomIn&quot;}\" data-widget_type=\"button.default\">\n\t\t\t\t<div class=\"elementor-widget-container\">\n\t\t\t\t\t\t\t\t\t<div class=\"elementor-button-wrapper\">\n\t\t\t\t\t<a class=\"elementor-button elementor-button-link elementor-size-sm elementor-animation-hang\" href=\"https:\/\/garridoasesoria.com\/eus\/servicios\/\">\n\t\t\t\t\t\t<span class=\"elementor-button-content-wrapper\">\n\t\t\t\t\t\t\t\t\t<span class=\"elementor-button-text\">Aholkularitza<\/span>\n\t\t\t\t\t<\/span>\n\t\t\t\t\t<\/a>\n\t\t\t\t<\/div>\n\t\t\t\t\t\t\t\t<\/div>\n\t\t\t\t<\/div>\n\t\t\t\t\t<\/div>\n\t\t<\/div>\n\t\t\t\t\t<\/div>\n\t\t<\/section>\n\t\t\t\t<\/div>","protected":false},"excerpt":{"rendered":"<p>Asesor\u00eda Garrido Disponemos de un equipo multidiciplinar para cubrir todas las necesidades de las empresas o aut\u00f3nomos. Quienes somos Asesor\u00eda Y corredur\u00eda de seguros Desde 1988. La corredur\u00eda de Seguros y Asesor\u00eda Garrido es una empresa familiar fundada en 1988 en el Barrio de la Pe\u00f1a de Bilbao por D. FELIX GARRIDO VALLEJO.\u00a0 Su fundador [&hellip;]<\/p>","protected":false},"author":2,"featured_media":0,"parent":0,"menu_order":0,"comment_status":"closed","ping_status":"closed","template":"elementor_canvas","meta":{"footnotes":""},"class_list":["post-2","page","type-page","status-publish","hentry"],"yoast_head":"<!-- This site is optimized with the Yoast SEO plugin v27.4 - https:\/\/yoast.com\/product\/yoast-seo-wordpress\/ -->\n<title>INICIO - Garrido Asesoria<\/title>\n<meta name=\"robots\" content=\"index, follow, max-snippet:-1, max-image-preview:large, max-video-preview:-1\" \/>\n<link rel=\"canonical\" href=\"https:\/\/garridoasesoria.com\/eus\/\" \/>\n<meta property=\"og:locale\" content=\"en_US\" \/>\n<meta property=\"og:type\" content=\"article\" \/>\n<meta property=\"og:title\" content=\"INICIO - Garrido Asesoria\" \/>\n<meta property=\"og:description\" content=\"Asesor\u00eda Garrido Disponemos de un equipo multidiciplinar para cubrir todas las necesidades de las empresas o aut\u00f3nomos. Quienes somos Asesor\u00eda Y corredur\u00eda de seguros Desde 1988. La corredur\u00eda de Seguros y Asesor\u00eda Garrido es una empresa familiar fundada en 1988 en el Barrio de la Pe\u00f1a de Bilbao por D. FELIX GARRIDO VALLEJO.\u00a0 Su fundador [&hellip;]\" \/>\n<meta property=\"og:url\" content=\"https:\/\/garridoasesoria.com\/eus\/\" \/>\n<meta property=\"og:site_name\" content=\"Garrido Asesoria\" \/>\n<meta property=\"article:modified_time\" content=\"2025-04-04T16:02:57+00:00\" \/>\n<meta property=\"og:image\" content=\"https:\/\/garridoasesoria.com\/wp-content\/uploads\/2025\/04\/oficina-garrido.png\" \/>\n\t<meta property=\"og:image:width\" content=\"800\" \/>\n\t<meta property=\"og:image:height\" content=\"1111\" \/>\n\t<meta property=\"og:image:type\" content=\"image\/png\" \/>\n<meta name=\"twitter:card\" content=\"summary_large_image\" \/>\n<meta name=\"twitter:label1\" content=\"Est. reading time\" \/>\n\t<meta name=\"twitter:data1\" content=\"1 minutua\" \/>\n<script type=\"application\/ld+json\" class=\"yoast-schema-graph\">{\"@context\":\"https:\\\/\\\/schema.org\",\"@graph\":[{\"@type\":\"WebPage\",\"@id\":\"https:\\\/\\\/garridoasesoria.com\\\/\",\"url\":\"https:\\\/\\\/garridoasesoria.com\\\/\",\"name\":\"INICIO - Garrido Asesoria\",\"isPartOf\":{\"@id\":\"https:\\\/\\\/garridoasesoria.com\\\/#website\"},\"primaryImageOfPage\":{\"@id\":\"https:\\\/\\\/garridoasesoria.com\\\/#primaryimage\"},\"image\":{\"@id\":\"https:\\\/\\\/garridoasesoria.com\\\/#primaryimage\"},\"thumbnailUrl\":\"https:\\\/\\\/garridoasesoria.com\\\/wp-content\\\/uploads\\\/2025\\\/04\\\/oficina-garrido-737x1024.png\",\"datePublished\":\"2024-07-30T10:34:34+00:00\",\"dateModified\":\"2025-04-04T16:02:57+00:00\",\"breadcrumb\":{\"@id\":\"https:\\\/\\\/garridoasesoria.com\\\/#breadcrumb\"},\"inLanguage\":\"eu\",\"potentialAction\":[{\"@type\":\"ReadAction\",\"target\":[\"https:\\\/\\\/garridoasesoria.com\\\/\"]}]},{\"@type\":\"ImageObject\",\"inLanguage\":\"eu\",\"@id\":\"https:\\\/\\\/garridoasesoria.com\\\/#primaryimage\",\"url\":\"https:\\\/\\\/garridoasesoria.com\\\/wp-content\\\/uploads\\\/2025\\\/04\\\/oficina-garrido-737x1024.png\",\"contentUrl\":\"https:\\\/\\\/garridoasesoria.com\\\/wp-content\\\/uploads\\\/2025\\\/04\\\/oficina-garrido-737x1024.png\"},{\"@type\":\"BreadcrumbList\",\"@id\":\"https:\\\/\\\/garridoasesoria.com\\\/#breadcrumb\",\"itemListElement\":[{\"@type\":\"ListItem\",\"position\":1,\"name\":\"Portada\",\"item\":\"https:\\\/\\\/garridoasesoria.com\\\/\"},{\"@type\":\"ListItem\",\"position\":2,\"name\":\"INICIO\"}]},{\"@type\":\"WebSite\",\"@id\":\"https:\\\/\\\/garridoasesoria.com\\\/#website\",\"url\":\"https:\\\/\\\/garridoasesoria.com\\\/\",\"name\":\"Garrido Asesoria\",\"description\":\"Corredur\u00eda de Seguros y Asesor\u00eda Garrido\",\"publisher\":{\"@id\":\"https:\\\/\\\/garridoasesoria.com\\\/#organization\"},\"potentialAction\":[{\"@type\":\"SearchAction\",\"target\":{\"@type\":\"EntryPoint\",\"urlTemplate\":\"https:\\\/\\\/garridoasesoria.com\\\/?s={search_term_string}\"},\"query-input\":{\"@type\":\"PropertyValueSpecification\",\"valueRequired\":true,\"valueName\":\"search_term_string\"}}],\"inLanguage\":\"eu\"},{\"@type\":\"Organization\",\"@id\":\"https:\\\/\\\/garridoasesoria.com\\\/#organization\",\"name\":\"Garrido Asesoria\",\"url\":\"https:\\\/\\\/garridoasesoria.com\\\/\",\"logo\":{\"@type\":\"ImageObject\",\"inLanguage\":\"eu\",\"@id\":\"https:\\\/\\\/garridoasesoria.com\\\/#\\\/schema\\\/logo\\\/image\\\/\",\"url\":\"https:\\\/\\\/garridoasesoria.com\\\/wp-content\\\/uploads\\\/2025\\\/04\\\/cropped-Diseno-sin-titulo-1.png\",\"contentUrl\":\"https:\\\/\\\/garridoasesoria.com\\\/wp-content\\\/uploads\\\/2025\\\/04\\\/cropped-Diseno-sin-titulo-1.png\",\"width\":705,\"height\":176,\"caption\":\"Garrido Asesoria\"},\"image\":{\"@id\":\"https:\\\/\\\/garridoasesoria.com\\\/#\\\/schema\\\/logo\\\/image\\\/\"}}]}<\/script>\n<!-- \/ Yoast SEO plugin. -->","yoast_head_json":{"title":"INICIO - Garrido Asesoria","robots":{"index":"index","follow":"follow","max-snippet":"max-snippet:-1","max-image-preview":"max-image-preview:large","max-video-preview":"max-video-preview:-1"},"canonical":"https:\/\/garridoasesoria.com\/eus\/","og_locale":"en_US","og_type":"article","og_title":"INICIO - Garrido Asesoria","og_description":"Asesor\u00eda Garrido Disponemos de un equipo multidiciplinar para cubrir todas las necesidades de las empresas o aut\u00f3nomos. Quienes somos Asesor\u00eda Y corredur\u00eda de seguros Desde 1988. La corredur\u00eda de Seguros y Asesor\u00eda Garrido es una empresa familiar fundada en 1988 en el Barrio de la Pe\u00f1a de Bilbao por D. FELIX GARRIDO VALLEJO.\u00a0 Su fundador [&hellip;]","og_url":"https:\/\/garridoasesoria.com\/eus\/","og_site_name":"Garrido Asesoria","article_modified_time":"2025-04-04T16:02:57+00:00","og_image":[{"width":800,"height":1111,"url":"https:\/\/garridoasesoria.com\/wp-content\/uploads\/2025\/04\/oficina-garrido.png","type":"image\/png"}],"twitter_card":"summary_large_image","twitter_misc":{"Est. reading time":"1 minutua"},"schema":{"@context":"https:\/\/schema.org","@graph":[{"@type":"WebPage","@id":"https:\/\/garridoasesoria.com\/","url":"https:\/\/garridoasesoria.com\/","name":"INICIO - Garrido Asesoria","isPartOf":{"@id":"https:\/\/garridoasesoria.com\/#website"},"primaryImageOfPage":{"@id":"https:\/\/garridoasesoria.com\/#primaryimage"},"image":{"@id":"https:\/\/garridoasesoria.com\/#primaryimage"},"thumbnailUrl":"https:\/\/garridoasesoria.com\/wp-content\/uploads\/2025\/04\/oficina-garrido-737x1024.png","datePublished":"2024-07-30T10:34:34+00:00","dateModified":"2025-04-04T16:02:57+00:00","breadcrumb":{"@id":"https:\/\/garridoasesoria.com\/#breadcrumb"},"inLanguage":"eu","potentialAction":[{"@type":"ReadAction","target":["https:\/\/garridoasesoria.com\/"]}]},{"@type":"ImageObject","inLanguage":"eu","@id":"https:\/\/garridoasesoria.com\/#primaryimage","url":"https:\/\/garridoasesoria.com\/wp-content\/uploads\/2025\/04\/oficina-garrido-737x1024.png","contentUrl":"https:\/\/garridoasesoria.com\/wp-content\/uploads\/2025\/04\/oficina-garrido-737x1024.png"},{"@type":"BreadcrumbList","@id":"https:\/\/garridoasesoria.com\/#breadcrumb","itemListElement":[{"@type":"ListItem","position":1,"name":"Portada","item":"https:\/\/garridoasesoria.com\/"},{"@type":"ListItem","position":2,"name":"INICIO"}]},{"@type":"WebSite","@id":"https:\/\/garridoasesoria.com\/#website","url":"https:\/\/garridoasesoria.com\/","name":"Garrido Asesoria","description":"Corredur\u00eda de Seguros y Asesor\u00eda Garrido","publisher":{"@id":"https:\/\/garridoasesoria.com\/#organization"},"potentialAction":[{"@type":"SearchAction","target":{"@type":"EntryPoint","urlTemplate":"https:\/\/garridoasesoria.com\/?s={search_term_string}"},"query-input":{"@type":"PropertyValueSpecification","valueRequired":true,"valueName":"search_term_string"}}],"inLanguage":"eu"},{"@type":"Organization","@id":"https:\/\/garridoasesoria.com\/#organization","name":"Garrido Asesoria","url":"https:\/\/garridoasesoria.com\/","logo":{"@type":"ImageObject","inLanguage":"eu","@id":"https:\/\/garridoasesoria.com\/#\/schema\/logo\/image\/","url":"https:\/\/garridoasesoria.com\/wp-content\/uploads\/2025\/04\/cropped-Diseno-sin-titulo-1.png","contentUrl":"https:\/\/garridoasesoria.com\/wp-content\/uploads\/2025\/04\/cropped-Diseno-sin-titulo-1.png","width":705,"height":176,"caption":"Garrido Asesoria"},"image":{"@id":"https:\/\/garridoasesoria.com\/#\/schema\/logo\/image\/"}}]}},"_links":{"self":[{"href":"https:\/\/garridoasesoria.com\/eus\/wp-json\/wp\/v2\/pages\/2","targetHints":{"allow":["GET"]}}],"collection":[{"href":"https:\/\/garridoasesoria.com\/eus\/wp-json\/wp\/v2\/pages"}],"about":[{"href":"https:\/\/garridoasesoria.com\/eus\/wp-json\/wp\/v2\/types\/page"}],"author":[{"embeddable":true,"href":"https:\/\/garridoasesoria.com\/eus\/wp-json\/wp\/v2\/users\/2"}],"replies":[{"embeddable":true,"href":"https:\/\/garridoasesoria.com\/eus\/wp-json\/wp\/v2\/comments?post=2"}],"version-history":[{"count":266,"href":"https:\/\/garridoasesoria.com\/eus\/wp-json\/wp\/v2\/pages\/2\/revisions"}],"predecessor-version":[{"id":847,"href":"https:\/\/garridoasesoria.com\/eus\/wp-json\/wp\/v2\/pages\/2\/revisions\/847"}],"wp:attachment":[{"href":"https:\/\/garridoasesoria.com\/eus\/wp-json\/wp\/v2\/media?parent=2"}],"curies":[{"name":"wp","href":"https:\/\/api.w.org\/{rel}","templated":true}]}}